{"id":2,"date":"2025-05-11T23:03:15","date_gmt":"2025-05-11T23:03:15","guid":{"rendered":"http:\/\/www.goldresells.com\/?page_id=2"},"modified":"2026-02-03T21:10:05","modified_gmt":"2026-02-03T21:10:05","slug":"o-nas","status":"publish","type":"page","link":"https:\/\/www.goldresells.com\/index.php\/o-nas\/","title":{"rendered":""},"content":{"rendered":"\n<h2 class=\"wp-block-heading has-text-align-center\">O NAS<\/h2>\n\n\n\n<p class=\"has-text-align-center\">Jeste\u015bmy pasjonatami resellingu, kt\u00f3rzy pomagaj\u0105 innym wej\u015b\u0107 w \u015bwiat sprzeda\u017cy online. Dostarczamy sprawdzone strategie, narz\u0119dzia i wiedz\u0119, dzi\u0119ki kt\u00f3rym mo\u017cesz zamieni\u0107 hobby w <\/p>\n\n\n\n<p class=\"has-text-align-center\">dochodowy biznes. Do\u0142\u0105cz do spo\u0142eczno\u015bci Gold Resell i zacznij dzia\u0142a\u0107 ju\u017c dzi\u015b!<\/p>\n\n\n\n<div style=\"height:44px\" aria-hidden=\"true\" class=\"wp-block-spacer\"><\/div>\n\n\n\n<div class=\"wp-block-group alignfull is-content-justification-center is-layout-constrained wp-container-core-group-is-layout-df757ecc wp-block-group-is-layout-constrained\" style=\"margin-top:0;margin-bottom:0;padding-top:calc( 0.5 * var(--wp--style--root--padding-right, var(--wp--custom--gap--horizontal)));padding-right:var(--wp--style--root--padding-right, var(--wp--custom--gap--horizontal));padding-bottom:calc( 0.5 * var(--wp--style--root--padding-right, var(--wp--custom--gap--horizontal)));padding-left:var(--wp--style--root--padding-left, var(--wp--custom--gap--horizontal))\">\n<div style=\"height:calc( 0.25 * var(--wp--style--root--padding-right, var(--wp--custom--gap--horizontal)))\" aria-hidden=\"true\" class=\"wp-block-spacer\"><\/div>\n\n\n\n<div class=\"wp-block-columns alignwide is-layout-flex wp-container-core-columns-is-layout-5b525043 wp-block-columns-is-layout-flex\">\n<div class=\"wp-block-column is-layout-flow wp-block-column-is-layout-flow\">\n<figure class=\"wp-block-image size-large\" style=\"margin-right:223px;margin-left:223px\"><img loading=\"lazy\" decoding=\"async\" width=\"768\" height=\"1024\" src=\"https:\/\/www.goldresells.com\/wp-content\/uploads\/2025\/06\/dani-768x1024.jpg\" alt=\"\" class=\"wp-image-252\" srcset=\"https:\/\/www.goldresells.com\/wp-content\/uploads\/2025\/06\/dani-768x1024.jpg 768w, https:\/\/www.goldresells.com\/wp-content\/uploads\/2025\/06\/dani-225x300.jpg 225w, https:\/\/www.goldresells.com\/wp-content\/uploads\/2025\/06\/dani-1152x1536.jpg 1152w, https:\/\/www.goldresells.com\/wp-content\/uploads\/2025\/06\/dani-1536x2048.jpg 1536w, https:\/\/www.goldresells.com\/wp-content\/uploads\/2025\/06\/dani-600x800.jpg 600w, https:\/\/www.goldresells.com\/wp-content\/uploads\/2025\/06\/dani-scaled.jpg 1920w\" sizes=\"auto, (max-width: 768px) 100vw, 768px\" \/><\/figure>\n\n\n\n<div class=\"wp-block-group is-layout-flow wp-container-core-group-is-layout-939812aa wp-block-group-is-layout-flow\">\n<h3 class=\"wp-block-heading has-text-align-center has-large-font-size\">Daniel | CEO<\/h3>\n\n\n\n<p class=\"has-text-align-center\">Zajmuj\u0119 si\u0119 analiz\u0105 rynku i opracowywaniem skutecznych strategii sprzeda\u017cowych w oparciu o dane. Moj\u0105 specjalizacj\u0105 jest marketing. Reselling to dla mnie nie tylko spos\u00f3b na zarobek, ale te\u017c fascynuj\u0105cy proces planowania i optymalizacji. W Gold Resells pokazuj\u0119, jak podej\u015b\u0107 do sprzeda\u017cy profesjonalnie \u2013 z my\u015bleniem d\u0142ugoterminowym, nastawieniem na wyniki i realnym zyskiem. Pomagam cz\u0142onkom naszej spo\u0142eczno\u015bci zrozumie\u0107 mechanizmy rynku i podejmowa\u0107 m\u0105dre decyzje.<\/p>\n<\/div>\n\n\n\n<div style=\"height:8px\" aria-hidden=\"true\" class=\"wp-block-spacer\"><\/div>\n<\/div>\n<\/div>\n\n\n\n<div style=\"height:calc( 0.25 * var(--wp--style--root--padding-right, var(--wp--custom--gap--horizontal)))\" aria-hidden=\"true\" class=\"wp-block-spacer\"><\/div>\n<\/div>\n\n\n\n<p><\/p>\n","protected":false},"excerpt":{"rendered":"<p>O NAS Jeste\u015bmy pasjonatami resellingu, kt\u00f3rzy pomagaj\u0105 innym wej\u015b\u0107 w \u015bwiat sprzeda\u017cy online. Dostarczamy sprawdzone strategie, narz\u0119dzia i wiedz\u0119, dzi\u0119ki kt\u00f3rym mo\u017cesz zamieni\u0107 hobby w dochodowy biznes. Do\u0142\u0105cz do spo\u0142eczno\u015bci Gold Resell i zacznij dzia\u0142a\u0107 ju\u017c dzi\u015b! Daniel | CEO Zajmuj\u0119 si\u0119 analiz\u0105 rynku i opracowywaniem skutecznych strategii sprzeda\u017cowych w oparciu o dane. Moj\u0105 specjalizacj\u0105 jest marketing. Reselling to dla mnie nie tylko spos\u00f3b na zarobek, ale te\u017c fascynuj\u0105cy proces planowania i optymalizacji. W Gold Resells pokazuj\u0119, jak podej\u015b\u0107 do sprzeda\u017cy profesjonalnie \u2013 z my\u015bleniem d\u0142ugoterminowym, nastawieniem na wyniki i realnym zyskiem. Pomagam cz\u0142onkom naszej spo\u0142eczno\u015bci zrozumie\u0107 mechanizmy rynku i<\/p>\n","protected":false},"author":1,"featured_media":0,"parent":0,"menu_order":0,"comment_status":"closed","ping_status":"closed","template":"","meta":{"footnotes":""},"class_list":["post-2","page","type-page","status-publish","hentry"],"_links":{"self":[{"href":"https:\/\/www.goldresells.com\/index.php\/wp-json\/wp\/v2\/pages\/2","targetHints":{"allow":["GET"]}}],"collection":[{"href":"https:\/\/www.goldresells.com\/index.php\/wp-json\/wp\/v2\/pages"}],"about":[{"href":"https:\/\/www.goldresells.com\/index.php\/wp-json\/wp\/v2\/types\/page"}],"author":[{"embeddable":true,"href":"https:\/\/www.goldresells.com\/index.php\/wp-json\/wp\/v2\/users\/1"}],"replies":[{"embeddable":true,"href":"https:\/\/www.goldresells.com\/index.php\/wp-json\/wp\/v2\/comments?post=2"}],"version-history":[{"count":7,"href":"https:\/\/www.goldresells.com\/index.php\/wp-json\/wp\/v2\/pages\/2\/revisions"}],"predecessor-version":[{"id":388,"href":"https:\/\/www.goldresells.com\/index.php\/wp-json\/wp\/v2\/pages\/2\/revisions\/388"}],"wp:attachment":[{"href":"https:\/\/www.goldresells.com\/index.php\/wp-json\/wp\/v2\/media?parent=2"}],"curies":[{"name":"wp","href":"https:\/\/api.w.org\/{rel}","templated":true}]}}