{"id":154,"date":"2025-05-18T10:48:42","date_gmt":"2025-05-18T10:48:42","guid":{"rendered":"https:\/\/www.goldresells.com\/?post_type=product&#038;p=154"},"modified":"2025-08-25T23:00:51","modified_gmt":"2025-08-25T23:00:51","slug":"dostawca","status":"publish","type":"product","link":"https:\/\/www.goldresells.com\/index.php\/produkt\/dostawca\/","title":{"rendered":"Zaufany dostawca"},"content":{"rendered":"","protected":false},"excerpt":{"rendered":"<p>Je\u017celi masz w\u0105tpliwo\u015bci lub pytania \u2013 skontaktuj si\u0119 z\u00a0<a href=\"https:\/\/www.instagram.com\/goldresells_\/\">@goldresells_<\/a>\u00a0na Instagramie!<br \/>\nJe\u015bli chcesz zakupi\u0107 poprzez BLIK, kliknij &#8222;Dodaj do koszyka&#8221;<\/p>\n","protected":false},"featured_media":244,"comment_status":"open","ping_status":"closed","template":"","meta":[],"product_brand":[],"product_cat":[15],"product_tag":[],"class_list":{"0":"post-154","1":"product","2":"type-product","3":"status-publish","4":"has-post-thumbnail","6":"product_cat-bez-kategorii","8":"first","9":"instock","10":"sale","11":"downloadable","12":"virtual","13":"sold-individually","14":"purchasable","15":"product-type-simple"},"_links":{"self":[{"href":"https:\/\/www.goldresells.com\/index.php\/wp-json\/wp\/v2\/product\/154","targetHints":{"allow":["GET"]}}],"collection":[{"href":"https:\/\/www.goldresells.com\/index.php\/wp-json\/wp\/v2\/product"}],"about":[{"href":"https:\/\/www.goldresells.com\/index.php\/wp-json\/wp\/v2\/types\/product"}],"replies":[{"embeddable":true,"href":"https:\/\/www.goldresells.com\/index.php\/wp-json\/wp\/v2\/comments?post=154"}],"wp:featuredmedia":[{"embeddable":true,"href":"https:\/\/www.goldresells.com\/index.php\/wp-json\/wp\/v2\/media\/244"}],"wp:attachment":[{"href":"https:\/\/www.goldresells.com\/index.php\/wp-json\/wp\/v2\/media?parent=154"}],"wp:term":[{"taxonomy":"product_brand","embeddable":true,"href":"https:\/\/www.goldresells.com\/index.php\/wp-json\/wp\/v2\/product_brand?post=154"},{"taxonomy":"product_cat","embeddable":true,"href":"https:\/\/www.goldresells.com\/index.php\/wp-json\/wp\/v2\/product_cat?post=154"},{"taxonomy":"product_tag","embeddable":true,"href":"https:\/\/www.goldresells.com\/index.php\/wp-json\/wp\/v2\/product_tag?post=154"}],"curies":[{"name":"wp","href":"https:\/\/api.w.org\/{rel}","templated":true}]}}