{"id":155,"date":"2025-05-18T10:49:52","date_gmt":"2025-05-18T10:49:52","guid":{"rendered":"https:\/\/www.goldresells.com\/?post_type=product&#038;p=155"},"modified":"2026-03-04T07:01:28","modified_gmt":"2026-03-04T07:01:28","slug":"program-standard","status":"publish","type":"product","link":"https:\/\/www.goldresells.com\/index.php\/produkt\/program-standard\/","title":{"rendered":"Program Standard"},"content":{"rendered":"","protected":false},"excerpt":{"rendered":"<p>Je\u017celi masz w\u0105tpliwo\u015bci lub pytania \u2013 skontaktuj si\u0119 z\u00a0<a href=\"https:\/\/www.instagram.com\/goldresells_\/\">@goldresells_<\/a>\u00a0na Instagramie!<br \/>\nJe\u015bli chcesz zakupi\u0107 poprzez BLIK, kliknij &#8222;Dodaj do koszyka&#8221;<\/p>\n","protected":false},"featured_media":248,"comment_status":"open","ping_status":"closed","template":"","meta":[],"product_brand":[],"product_cat":[15],"product_tag":[],"class_list":{"0":"post-155","1":"product","2":"type-product","3":"status-publish","4":"has-post-thumbnail","6":"product_cat-bez-kategorii","8":"first","9":"instock","10":"sale","11":"downloadable","12":"virtual","13":"sold-individually","14":"purchasable","15":"product-type-simple"},"_links":{"self":[{"href":"https:\/\/www.goldresells.com\/index.php\/wp-json\/wp\/v2\/product\/155","targetHints":{"allow":["GET"]}}],"collection":[{"href":"https:\/\/www.goldresells.com\/index.php\/wp-json\/wp\/v2\/product"}],"about":[{"href":"https:\/\/www.goldresells.com\/index.php\/wp-json\/wp\/v2\/types\/product"}],"replies":[{"embeddable":true,"href":"https:\/\/www.goldresells.com\/index.php\/wp-json\/wp\/v2\/comments?post=155"}],"wp:featuredmedia":[{"embeddable":true,"href":"https:\/\/www.goldresells.com\/index.php\/wp-json\/wp\/v2\/media\/248"}],"wp:attachment":[{"href":"https:\/\/www.goldresells.com\/index.php\/wp-json\/wp\/v2\/media?parent=155"}],"wp:term":[{"taxonomy":"product_brand","embeddable":true,"href":"https:\/\/www.goldresells.com\/index.php\/wp-json\/wp\/v2\/product_brand?post=155"},{"taxonomy":"product_cat","embeddable":true,"href":"https:\/\/www.goldresells.com\/index.php\/wp-json\/wp\/v2\/product_cat?post=155"},{"taxonomy":"product_tag","embeddable":true,"href":"https:\/\/www.goldresells.com\/index.php\/wp-json\/wp\/v2\/product_tag?post=155"}],"curies":[{"name":"wp","href":"https:\/\/api.w.org\/{rel}","templated":true}]}}