{"id":81,"date":"2025-05-12T15:46:18","date_gmt":"2025-05-12T15:46:18","guid":{"rendered":"https:\/\/www.goldresells.com\/?post_type=product&#038;p=81"},"modified":"2025-08-25T13:21:56","modified_gmt":"2025-08-25T13:21:56","slug":"program-master","status":"publish","type":"product","link":"https:\/\/www.goldresells.com\/index.php\/produkt\/program-master\/","title":{"rendered":"Program Master"},"content":{"rendered":"","protected":false},"excerpt":{"rendered":"<p>Je\u017celi masz w\u0105tpliwo\u015bci lub pytania \u2013 skontaktuj si\u0119 z\u00a0<a href=\"https:\/\/www.instagram.com\/goldresells_\/\">@goldresells_<\/a>\u00a0na Instagramie!<br \/>\nTen pakiet zawiera te\u017c link do dostawcy!<br \/>\nJe\u015bli chcesz zakupi\u0107 poprzez BLIK, kliknij &#8222;Dodaj do koszyka&#8221;<\/p>\n","protected":false},"featured_media":194,"comment_status":"open","ping_status":"closed","template":"","meta":[],"product_brand":[],"product_cat":[15],"product_tag":[],"class_list":{"0":"post-81","1":"product","2":"type-product","3":"status-publish","4":"has-post-thumbnail","6":"product_cat-bez-kategorii","8":"first","9":"instock","10":"sale","11":"downloadable","12":"virtual","13":"sold-individually","14":"purchasable","15":"product-type-simple"},"_links":{"self":[{"href":"https:\/\/www.goldresells.com\/index.php\/wp-json\/wp\/v2\/product\/81","targetHints":{"allow":["GET"]}}],"collection":[{"href":"https:\/\/www.goldresells.com\/index.php\/wp-json\/wp\/v2\/product"}],"about":[{"href":"https:\/\/www.goldresells.com\/index.php\/wp-json\/wp\/v2\/types\/product"}],"replies":[{"embeddable":true,"href":"https:\/\/www.goldresells.com\/index.php\/wp-json\/wp\/v2\/comments?post=81"}],"wp:featuredmedia":[{"embeddable":true,"href":"https:\/\/www.goldresells.com\/index.php\/wp-json\/wp\/v2\/media\/194"}],"wp:attachment":[{"href":"https:\/\/www.goldresells.com\/index.php\/wp-json\/wp\/v2\/media?parent=81"}],"wp:term":[{"taxonomy":"product_brand","embeddable":true,"href":"https:\/\/www.goldresells.com\/index.php\/wp-json\/wp\/v2\/product_brand?post=81"},{"taxonomy":"product_cat","embeddable":true,"href":"https:\/\/www.goldresells.com\/index.php\/wp-json\/wp\/v2\/product_cat?post=81"},{"taxonomy":"product_tag","embeddable":true,"href":"https:\/\/www.goldresells.com\/index.php\/wp-json\/wp\/v2\/product_tag?post=81"}],"curies":[{"name":"wp","href":"https:\/\/api.w.org\/{rel}","templated":true}]}}